{"id":11,"date":"2023-11-23T08:40:35","date_gmt":"2023-11-23T07:40:35","guid":{"rendered":"https:\/\/www.epsomsalz.info\/?page_id=11"},"modified":"2023-12-12T11:46:19","modified_gmt":"2023-12-12T10:46:19","slug":"epsom","status":"publish","type":"page","link":"https:\/\/www.epsomsalz.info\/","title":{"rendered":"Epsom Salz"},"content":{"rendered":"<p>Herzlich willkommen auf unserer Homepage, auf der wir Ihnen alles Wissenswerte rund um das Thema Epsom Bittersalz pr\u00e4sentieren m\u00f6chten.<\/p>\n<p>Epsom Bittersalz, auch bekannt als Magnesiumsulfat oder Epsom Salz, es ist geruchlos und l\u00f6st sich leicht in Wasser auf. Bittersalz wird bereits seit Jahrhunderten in der Medizin und Kosmetik verwendet und ist auch durch seinen bitteren Geschmack unter dem Namen Bittersalz bekannt.<\/p>\n<div><\/div>\n<p><img loading=\"lazy\" decoding=\"async\" class=\"wp-image-13 aligncenter\" src=\"https:\/\/www.epsomsalz.info\/wp-content\/uploads\/2023\/11\/AdobeStock_84120194-300x200.jpeg\" alt=\"\" width=\"758\" height=\"505\" srcset=\"https:\/\/www.epsomsalz.info\/wp-content\/uploads\/2023\/11\/AdobeStock_84120194-300x200.jpeg 300w, https:\/\/www.epsomsalz.info\/wp-content\/uploads\/2023\/11\/AdobeStock_84120194-1024x683.jpeg 1024w, https:\/\/www.epsomsalz.info\/wp-content\/uploads\/2023\/11\/AdobeStock_84120194-768x512.jpeg 768w, https:\/\/www.epsomsalz.info\/wp-content\/uploads\/2023\/11\/AdobeStock_84120194-1536x1024.jpeg 1536w, https:\/\/www.epsomsalz.info\/wp-content\/uploads\/2023\/11\/AdobeStock_84120194-2048x1366.jpeg 2048w\" sizes=\"auto, (max-width: 758px) 100vw, 758px\" \/><\/p>\n<h4>Was ist Epsom Salz?<\/h4>\n<p>Epsom Bittersalz ist in der Regel als wei\u00dfes, kristallines Pulver erh\u00e4ltlich und kann vielseitig eingesetzt werden. Es eignet sich hervorragend zur Vorbeugung diverser Beschwerden die durch Magnesiummangel verursacht werden k\u00f6nnen. Gerne wird das Salz in warmem Wasser aufgel\u00f6st und als Badezusatz verwendet. Aber auch in der Kosmetikindustrie findet das Salz Anwendung, beispielsweise als Peeling oder in der Haarpflege. Es wird gerne in Fu\u00df- oder Vollb\u00e4dern genutzt und versorgt den K\u00f6rper mit Magnesium und Sulfat, die f\u00fcr verschiedene k\u00f6rperliche Funktionen und Prozesse von Bedeutung sind, einschlie\u00dflich Muskel- und Nervenfunktion, Energieproduktion, Stoffwechselregulierung, Knochengesundheit und Entgiftungsprozesse im K\u00f6rper.<\/p>\n<p>Epsom Salz, hat eine lange Geschichte und wird bereits seit mehreren Jahrhunderten verwendet. Der Name &#8222;Epsom&#8220; stammt aus der Stadt Epsom in der englischen Grafschaft Surrey, wo das Salz erstmals entdeckt wurde.<\/p>\n<p>Im 17. Jahrhundert wurde Epsom Salz als Heilmittel f\u00fcr verschiedene Beschwerden genutzt, im Laufe der Zeit wurden dann immer mehr Anwendungen f\u00fcr Bittersalz entdeckt. Heutzutage wird es in vielen Bereichen genutzt unter anderem im Bereich Wellness, Kosmetik aber auch in der Pflanzepflege und hat sich als bew\u00e4hrtes Hausmittel etabliert. Es eignet sich hervorragend f\u00fcr viele DIYs wie Detox-B\u00e4der, Badesalze oder Badekugeln zum verschenken oder selber nutzen!<\/p>\n<p><img loading=\"lazy\" decoding=\"async\" class=\"aligncenter  wp-image-14\" src=\"https:\/\/www.epsomsalz.info\/wp-content\/uploads\/2023\/11\/AdobeStock_329724032-1024x683.jpeg\" alt=\"\" width=\"828\" height=\"552\" \/><\/p>\n<p>Auf unserer Webseite m\u00f6chten wir Ihnen alle wichtigen Informationen zu Epsom Bittersalz zur Verf\u00fcgung stellen. Wir erl\u00e4utern Ihnen wie es hergestellt wird und nennen Mythen und was es damit auf sich hat.<\/p>\n<p>Wir hoffen, dass wir Ihnen mit unseren Informationen weiterhelfen k\u00f6nnen und w\u00fcnschen viel Spa\u00df beim Lesen und Entdecken!<\/p>\n","protected":false},"excerpt":{"rendered":"<p>Herzlich willkommen auf unserer Homepage, auf der wir Ihnen alles Wissenswerte rund um das Thema Epsom Bittersalz pr\u00e4sentieren m\u00f6chten. Epsom Bittersalz, auch bekannt als Magnesiumsulfat oder Epsom Salz, es ist geruchlos und l\u00f6st sich leicht in Wasser auf. Bittersalz wird bereits seit Jahrhunderten in der Medizin und Kosmetik verwendet und ist auch durch seinen bitteren [&hellip;]<\/p>\n","protected":false},"author":1,"featured_media":14,"parent":0,"menu_order":0,"comment_status":"closed","ping_status":"closed","template":"","meta":{"footnotes":""},"class_list":["post-11","page","type-page","status-publish","has-post-thumbnail","czr-hentry"],"yoast_head":"<!-- This site is optimized with the Yoast SEO plugin v23.7 - https:\/\/yoast.com\/wordpress\/plugins\/seo\/ -->\n<title>Epsom Salz -<\/title>\n<meta name=\"robots\" content=\"index, follow, max-snippet:-1, max-image-preview:large, max-video-preview:-1\" \/>\n<link rel=\"canonical\" href=\"https:\/\/www.epsomsalz.info\/\" \/>\n<meta property=\"og:locale\" content=\"de_DE\" \/>\n<meta property=\"og:type\" content=\"article\" \/>\n<meta property=\"og:title\" content=\"Epsom Salz -\" \/>\n<meta property=\"og:description\" content=\"Herzlich willkommen auf unserer Homepage, auf der wir Ihnen alles Wissenswerte rund um das Thema Epsom Bittersalz pr\u00e4sentieren m\u00f6chten. Epsom Bittersalz, auch bekannt als Magnesiumsulfat oder Epsom Salz, es ist geruchlos und l\u00f6st sich leicht in Wasser auf. Bittersalz wird bereits seit Jahrhunderten in der Medizin und Kosmetik verwendet und ist auch durch seinen bitteren [&hellip;]\" \/>\n<meta property=\"og:url\" content=\"https:\/\/www.epsomsalz.info\/\" \/>\n<meta property=\"article:modified_time\" content=\"2023-12-12T10:46:19+00:00\" \/>\n<meta property=\"og:image\" content=\"https:\/\/www.epsomsalz.info\/wp-content\/uploads\/2023\/11\/AdobeStock_329724032-scaled-e1700725221434.jpeg\" \/>\n\t<meta property=\"og:image:width\" content=\"1500\" \/>\n\t<meta property=\"og:image:height\" content=\"1000\" \/>\n\t<meta property=\"og:image:type\" content=\"image\/jpeg\" \/>\n<meta name=\"twitter:card\" content=\"summary_large_image\" \/>\n<meta name=\"twitter:label1\" content=\"Gesch\u00e4tzte Lesezeit\" \/>\n\t<meta name=\"twitter:data1\" content=\"3\u00a0Minuten\" \/>\n<script type=\"application\/ld+json\" class=\"yoast-schema-graph\">{\"@context\":\"https:\/\/schema.org\",\"@graph\":[{\"@type\":\"WebPage\",\"@id\":\"https:\/\/www.epsomsalz.info\/\",\"url\":\"https:\/\/www.epsomsalz.info\/\",\"name\":\"Epsom Salz -\",\"isPartOf\":{\"@id\":\"https:\/\/www.epsomsalz.info\/#website\"},\"primaryImageOfPage\":{\"@id\":\"https:\/\/www.epsomsalz.info\/#primaryimage\"},\"image\":{\"@id\":\"https:\/\/www.epsomsalz.info\/#primaryimage\"},\"thumbnailUrl\":\"https:\/\/www.epsomsalz.info\/wp-content\/uploads\/2023\/11\/AdobeStock_329724032-scaled-e1700725221434.jpeg\",\"datePublished\":\"2023-11-23T07:40:35+00:00\",\"dateModified\":\"2023-12-12T10:46:19+00:00\",\"breadcrumb\":{\"@id\":\"https:\/\/www.epsomsalz.info\/#breadcrumb\"},\"inLanguage\":\"de\",\"potentialAction\":[{\"@type\":\"ReadAction\",\"target\":[\"https:\/\/www.epsomsalz.info\/\"]}]},{\"@type\":\"ImageObject\",\"inLanguage\":\"de\",\"@id\":\"https:\/\/www.epsomsalz.info\/#primaryimage\",\"url\":\"https:\/\/www.epsomsalz.info\/wp-content\/uploads\/2023\/11\/AdobeStock_329724032-scaled-e1700725221434.jpeg\",\"contentUrl\":\"https:\/\/www.epsomsalz.info\/wp-content\/uploads\/2023\/11\/AdobeStock_329724032-scaled-e1700725221434.jpeg\",\"width\":1500,\"height\":1000,\"caption\":\"Eine frau entspannt in der Badewanne\"},{\"@type\":\"BreadcrumbList\",\"@id\":\"https:\/\/www.epsomsalz.info\/#breadcrumb\",\"itemListElement\":[{\"@type\":\"ListItem\",\"position\":1,\"name\":\"Startseite\",\"item\":\"https:\/\/www.epsomsalz.info\/\"},{\"@type\":\"ListItem\",\"position\":2,\"name\":\"Epsom Salz\"}]},{\"@type\":\"WebSite\",\"@id\":\"https:\/\/www.epsomsalz.info\/#website\",\"url\":\"https:\/\/www.epsomsalz.info\/\",\"name\":\"\",\"description\":\"\",\"potentialAction\":[{\"@type\":\"SearchAction\",\"target\":{\"@type\":\"EntryPoint\",\"urlTemplate\":\"https:\/\/www.epsomsalz.info\/?s={search_term_string}\"},\"query-input\":{\"@type\":\"PropertyValueSpecification\",\"valueRequired\":true,\"valueName\":\"search_term_string\"}}],\"inLanguage\":\"de\"}]}<\/script>\n<!-- \/ Yoast SEO plugin. -->","yoast_head_json":{"title":"Epsom Salz -","robots":{"index":"index","follow":"follow","max-snippet":"max-snippet:-1","max-image-preview":"max-image-preview:large","max-video-preview":"max-video-preview:-1"},"canonical":"https:\/\/www.epsomsalz.info\/","og_locale":"de_DE","og_type":"article","og_title":"Epsom Salz -","og_description":"Herzlich willkommen auf unserer Homepage, auf der wir Ihnen alles Wissenswerte rund um das Thema Epsom Bittersalz pr\u00e4sentieren m\u00f6chten. Epsom Bittersalz, auch bekannt als Magnesiumsulfat oder Epsom Salz, es ist geruchlos und l\u00f6st sich leicht in Wasser auf. Bittersalz wird bereits seit Jahrhunderten in der Medizin und Kosmetik verwendet und ist auch durch seinen bitteren [&hellip;]","og_url":"https:\/\/www.epsomsalz.info\/","article_modified_time":"2023-12-12T10:46:19+00:00","og_image":[{"width":1500,"height":1000,"url":"https:\/\/www.epsomsalz.info\/wp-content\/uploads\/2023\/11\/AdobeStock_329724032-scaled-e1700725221434.jpeg","type":"image\/jpeg"}],"twitter_card":"summary_large_image","twitter_misc":{"Gesch\u00e4tzte Lesezeit":"3\u00a0Minuten"},"schema":{"@context":"https:\/\/schema.org","@graph":[{"@type":"WebPage","@id":"https:\/\/www.epsomsalz.info\/","url":"https:\/\/www.epsomsalz.info\/","name":"Epsom Salz -","isPartOf":{"@id":"https:\/\/www.epsomsalz.info\/#website"},"primaryImageOfPage":{"@id":"https:\/\/www.epsomsalz.info\/#primaryimage"},"image":{"@id":"https:\/\/www.epsomsalz.info\/#primaryimage"},"thumbnailUrl":"https:\/\/www.epsomsalz.info\/wp-content\/uploads\/2023\/11\/AdobeStock_329724032-scaled-e1700725221434.jpeg","datePublished":"2023-11-23T07:40:35+00:00","dateModified":"2023-12-12T10:46:19+00:00","breadcrumb":{"@id":"https:\/\/www.epsomsalz.info\/#breadcrumb"},"inLanguage":"de","potentialAction":[{"@type":"ReadAction","target":["https:\/\/www.epsomsalz.info\/"]}]},{"@type":"ImageObject","inLanguage":"de","@id":"https:\/\/www.epsomsalz.info\/#primaryimage","url":"https:\/\/www.epsomsalz.info\/wp-content\/uploads\/2023\/11\/AdobeStock_329724032-scaled-e1700725221434.jpeg","contentUrl":"https:\/\/www.epsomsalz.info\/wp-content\/uploads\/2023\/11\/AdobeStock_329724032-scaled-e1700725221434.jpeg","width":1500,"height":1000,"caption":"Eine frau entspannt in der Badewanne"},{"@type":"BreadcrumbList","@id":"https:\/\/www.epsomsalz.info\/#breadcrumb","itemListElement":[{"@type":"ListItem","position":1,"name":"Startseite","item":"https:\/\/www.epsomsalz.info\/"},{"@type":"ListItem","position":2,"name":"Epsom Salz"}]},{"@type":"WebSite","@id":"https:\/\/www.epsomsalz.info\/#website","url":"https:\/\/www.epsomsalz.info\/","name":"","description":"","potentialAction":[{"@type":"SearchAction","target":{"@type":"EntryPoint","urlTemplate":"https:\/\/www.epsomsalz.info\/?s={search_term_string}"},"query-input":{"@type":"PropertyValueSpecification","valueRequired":true,"valueName":"search_term_string"}}],"inLanguage":"de"}]}},"_links":{"self":[{"href":"https:\/\/www.epsomsalz.info\/index.php\/wp-json\/wp\/v2\/pages\/11","targetHints":{"allow":["GET"]}}],"collection":[{"href":"https:\/\/www.epsomsalz.info\/index.php\/wp-json\/wp\/v2\/pages"}],"about":[{"href":"https:\/\/www.epsomsalz.info\/index.php\/wp-json\/wp\/v2\/types\/page"}],"author":[{"embeddable":true,"href":"https:\/\/www.epsomsalz.info\/index.php\/wp-json\/wp\/v2\/users\/1"}],"replies":[{"embeddable":true,"href":"https:\/\/www.epsomsalz.info\/index.php\/wp-json\/wp\/v2\/comments?post=11"}],"version-history":[{"count":12,"href":"https:\/\/www.epsomsalz.info\/index.php\/wp-json\/wp\/v2\/pages\/11\/revisions"}],"predecessor-version":[{"id":86,"href":"https:\/\/www.epsomsalz.info\/index.php\/wp-json\/wp\/v2\/pages\/11\/revisions\/86"}],"wp:featuredmedia":[{"embeddable":true,"href":"https:\/\/www.epsomsalz.info\/index.php\/wp-json\/wp\/v2\/media\/14"}],"wp:attachment":[{"href":"https:\/\/www.epsomsalz.info\/index.php\/wp-json\/wp\/v2\/media?parent=11"}],"curies":[{"name":"wp","href":"https:\/\/api.w.org\/{rel}","templated":true}]}}